{"id":32,"date":"2023-08-07T13:12:04","date_gmt":"2023-08-07T11:12:04","guid":{"rendered":"https:\/\/passiloin.org\/?page_id=32"},"modified":"2023-09-14T16:01:04","modified_gmt":"2023-09-14T14:01:04","slug":"le-projet-lequipe","status":"publish","type":"page","link":"https:\/\/passiloin.org\/index.php\/le-projet-lequipe\/","title":{"rendered":"L&rsquo;\u00e9quipe"},"content":{"rendered":"\n<h1 class=\"wp-block-heading has-tw-font-1-font-family has-large-font-size\" style=\"margin-right:0;margin-left:0\">L&rsquo;\u00e9quipe<\/h1>\n\n\n\n<p><br>De 2013 \u00e0 2019 l\u2019association Pas Si Loin a fonctionn\u00e9 avec une forte participation b\u00e9n\u00e9vole au sein du Caf\u00e9 Pas Si Loin aid\u00e9 d\u2019une salari\u00e9 de 2015 \u00e0 2018, ce qui va de pair avec une relative irr\u00e9gularit\u00e9 li\u00e9e \u00e0 la participation des b\u00e9n\u00e9voles (changement r\u00e9gulier des b\u00e9n\u00e9voles et du bureau) tendant jusqu\u2019en 2019 \u00e0 une diminution nette du nombre des b\u00e9n\u00e9voles et l\u2019incapacit\u00e9 d\u2019assurer le fonctionnement d\u2019un caf\u00e9 associatif.<br><br>Suite \u00e0 un accompagnement DLA en 2019, l\u2019association d\u00e9cide de d\u00e9velopper un mod\u00e8le hybride entre b\u00e9n\u00e9voles, salari\u00e9.e.s, partenaires et intervenant.e.s, qui permettent depuis la tenue d\u2019un large panel d&rsquo;activit\u00e9s r\u00e9guli\u00e8res.<\/p>\n\n\n\n<p>L\u2019ouverture et la tenue d\u2019\u00e9v\u00e9nements culturels et festif r\u00e9guliers a aussi permis d\u2019\u00e9largir le socle de b\u00e9n\u00e9voles actifs.<br><br>En 2023 l\u2019association Pas Si Loin fonctionne donc avec un conseil d\u2019administration compos\u00e9 des membres du bureau (b\u00e9n\u00e9voles \u00e9lus) et de salari\u00e9s. Tout le monde peut rejoindre le bureau lors d\u2019une Assembl\u00e9e g\u00e9n\u00e9rale.<br>L\u2019association organise r\u00e9guli\u00e8rement une commission programmation o\u00f9 tout le monde peut participer.<\/p>\n\n\n\n<figure class=\"wp-block-image size-full\"><img loading=\"lazy\" decoding=\"async\" width=\"789\" height=\"754\" src=\"https:\/\/passiloin.org\/wp-content\/uploads\/2023\/09\/Schema-de-gouvernance.png\" alt=\"\" class=\"wp-image-328\" srcset=\"https:\/\/passiloin.org\/wp-content\/uploads\/2023\/09\/Schema-de-gouvernance.png 789w, https:\/\/passiloin.org\/wp-content\/uploads\/2023\/09\/Schema-de-gouvernance-300x287.png 300w, https:\/\/passiloin.org\/wp-content\/uploads\/2023\/09\/Schema-de-gouvernance-768x734.png 768w\" sizes=\"auto, (max-width: 789px) 100vw, 789px\" \/><\/figure>\n\n\n\n<p><strong>En 2023 le bureau de l\u2019association est compos\u00e9 de :<\/strong><\/p>\n\n\n\n<p><strong>Najia Ben Fraj<\/strong>, co-pr\u00e9sidente<\/p>\n\n\n\n<p><strong>Cherbonnier Pauline<\/strong>, co-pr\u00e9sidente<br><strong>Mathilde Jourdam-Boutin<\/strong>, co-secr\u00e9taire<br><strong>Arthur &#8230;<\/strong>, co-s\u00e9cr\u00e9taire<br><strong>Fatine Yagoubi<\/strong>, co-tr\u00e9sori\u00e8re<br><strong>Vincent &#8230;<\/strong>, co-tr\u00e9sorier<br><br><strong>En 2023 l\u2019\u00e9quipe salari\u00e9e est compos\u00e9 de :<\/strong><br><br><strong>Fonction support :<\/strong><br>Nathalie C\u00e9lari\u00e9<br>Marion Letranchant<br>Antonin Lenglen<br>Murielle Boucher<br>Barnab\u00e9 Vallaud<br><br><strong>Equipe cuisine :<\/strong><br>Louise Chevalier<br>Carole Dorgler<br>Dilip Chandra Das<br>Ojey Mondol<br><br><strong>Equipe salle :<\/strong><br>Isabella Henriques Gomes Cardim<br>Anne Aichour<br>Manelle Bessaoud<br><br><br><\/p>\n","protected":false},"excerpt":{"rendered":"<p>L&rsquo;\u00e9quipe De 2013 \u00e0 2019 l\u2019association Pas Si Loin a fonctionn\u00e9 avec une forte participation b\u00e9n\u00e9vole au sein du Caf\u00e9 Pas Si Loin aid\u00e9 d\u2019une salari\u00e9 de 2015 \u00e0 2018, [&hellip;]<\/p>\n","protected":false},"author":2,"featured_media":0,"parent":0,"menu_order":0,"comment_status":"closed","ping_status":"closed","template":"","meta":{"_EventAllDay":false,"_EventTimezone":"","_EventStartDate":"","_EventEndDate":"","_EventStartDateUTC":"","_EventEndDateUTC":"","_EventShowMap":false,"_EventShowMapLink":false,"_EventURL":"","_EventCost":"","_EventCostDescription":"","_EventCurrencySymbol":"","_EventCurrencyCode":"","_EventCurrencyPosition":"","_EventDateTimeSeparator":"","_EventTimeRangeSeparator":"","_EventOrganizerID":[],"_EventVenueID":[],"_OrganizerEmail":"","_OrganizerPhone":"","_OrganizerWebsite":"","_VenueAddress":"","_VenueCity":"","_VenueCountry":"","_VenueProvince":"","_VenueState":"","_VenueZip":"","_VenuePhone":"","_VenueURL":"","_VenueStateProvince":"","_VenueLat":"","_VenueLng":"","_VenueShowMap":false,"_VenueShowMapLink":false,"footnotes":""},"class_list":["post-32","page","type-page","status-publish","hentry"],"yoast_head":"<!-- This site is optimized with the Yoast SEO plugin v22.0 - https:\/\/yoast.com\/wordpress\/plugins\/seo\/ -->\n<title>L&#039;\u00e9quipe - PAS-SI-LOIN<\/title>\n<meta name=\"robots\" content=\"index, follow, max-snippet:-1, max-image-preview:large, max-video-preview:-1\" \/>\n<link rel=\"canonical\" href=\"https:\/\/passiloin.org\/index.php\/le-projet-lequipe\/\" \/>\n<meta property=\"og:locale\" content=\"fr_FR\" \/>\n<meta property=\"og:type\" content=\"article\" \/>\n<meta property=\"og:title\" content=\"L&#039;\u00e9quipe - PAS-SI-LOIN\" \/>\n<meta property=\"og:description\" content=\"L&rsquo;\u00e9quipe De 2013 \u00e0 2019 l\u2019association Pas Si Loin a fonctionn\u00e9 avec une forte participation b\u00e9n\u00e9vole au sein du Caf\u00e9 Pas Si Loin aid\u00e9 d\u2019une salari\u00e9 de 2015 \u00e0 2018, [&hellip;]\" \/>\n<meta property=\"og:url\" content=\"https:\/\/passiloin.org\/index.php\/le-projet-lequipe\/\" \/>\n<meta property=\"og:site_name\" content=\"PAS-SI-LOIN\" \/>\n<meta property=\"article:modified_time\" content=\"2023-09-14T14:01:04+00:00\" \/>\n<meta property=\"og:image\" content=\"https:\/\/passiloin.org\/wp-content\/uploads\/2023\/09\/Schema-de-gouvernance.png\" \/>\n<meta name=\"twitter:card\" content=\"summary_large_image\" \/>\n<meta name=\"twitter:label1\" content=\"Dur\u00e9e de lecture estim\u00e9e\" \/>\n\t<meta name=\"twitter:data1\" content=\"2 minutes\" \/>\n<script type=\"application\/ld+json\" class=\"yoast-schema-graph\">{\"@context\":\"https:\/\/schema.org\",\"@graph\":[{\"@type\":\"WebPage\",\"@id\":\"https:\/\/passiloin.org\/index.php\/le-projet-lequipe\/\",\"url\":\"https:\/\/passiloin.org\/index.php\/le-projet-lequipe\/\",\"name\":\"L'\u00e9quipe - PAS-SI-LOIN\",\"isPartOf\":{\"@id\":\"https:\/\/passiloin.org\/#website\"},\"datePublished\":\"2023-08-07T11:12:04+00:00\",\"dateModified\":\"2023-09-14T14:01:04+00:00\",\"breadcrumb\":{\"@id\":\"https:\/\/passiloin.org\/index.php\/le-projet-lequipe\/#breadcrumb\"},\"inLanguage\":\"fr-FR\",\"potentialAction\":[{\"@type\":\"ReadAction\",\"target\":[\"https:\/\/passiloin.org\/index.php\/le-projet-lequipe\/\"]}]},{\"@type\":\"BreadcrumbList\",\"@id\":\"https:\/\/passiloin.org\/index.php\/le-projet-lequipe\/#breadcrumb\",\"itemListElement\":[{\"@type\":\"ListItem\",\"position\":1,\"name\":\"Accueil\",\"item\":\"https:\/\/passiloin.org\/\"},{\"@type\":\"ListItem\",\"position\":2,\"name\":\"L&rsquo;\u00e9quipe\"}]},{\"@type\":\"WebSite\",\"@id\":\"https:\/\/passiloin.org\/#website\",\"url\":\"https:\/\/passiloin.org\/\",\"name\":\"PAS-SI-LOIN\",\"description\":\"L&#039;association Pas Si Loin favorise le lien et la mixit\u00e9 sociale par et pour les habitant.e.s du quartier des 4 Chemins \u00e0 Pantin.\",\"publisher\":{\"@id\":\"https:\/\/passiloin.org\/#organization\"},\"potentialAction\":[{\"@type\":\"SearchAction\",\"target\":{\"@type\":\"EntryPoint\",\"urlTemplate\":\"https:\/\/passiloin.org\/?s={search_term_string}\"},\"query-input\":\"required name=search_term_string\"}],\"inLanguage\":\"fr-FR\"},{\"@type\":\"Organization\",\"@id\":\"https:\/\/passiloin.org\/#organization\",\"name\":\"PAS-SI-LOIN\",\"url\":\"https:\/\/passiloin.org\/\",\"logo\":{\"@type\":\"ImageObject\",\"inLanguage\":\"fr-FR\",\"@id\":\"https:\/\/passiloin.org\/#\/schema\/logo\/image\/\",\"url\":\"https:\/\/passiloin.org\/wp-content\/uploads\/2023\/08\/pas_si_loin_logo_principal_banniere.jpg\",\"contentUrl\":\"https:\/\/passiloin.org\/wp-content\/uploads\/2023\/08\/pas_si_loin_logo_principal_banniere.jpg\",\"width\":1055,\"height\":388,\"caption\":\"PAS-SI-LOIN\"},\"image\":{\"@id\":\"https:\/\/passiloin.org\/#\/schema\/logo\/image\/\"}}]}<\/script>\n<!-- \/ Yoast SEO plugin. -->","yoast_head_json":{"title":"L'\u00e9quipe - PAS-SI-LOIN","robots":{"index":"index","follow":"follow","max-snippet":"max-snippet:-1","max-image-preview":"max-image-preview:large","max-video-preview":"max-video-preview:-1"},"canonical":"https:\/\/passiloin.org\/index.php\/le-projet-lequipe\/","og_locale":"fr_FR","og_type":"article","og_title":"L'\u00e9quipe - PAS-SI-LOIN","og_description":"L&rsquo;\u00e9quipe De 2013 \u00e0 2019 l\u2019association Pas Si Loin a fonctionn\u00e9 avec une forte participation b\u00e9n\u00e9vole au sein du Caf\u00e9 Pas Si Loin aid\u00e9 d\u2019une salari\u00e9 de 2015 \u00e0 2018, [&hellip;]","og_url":"https:\/\/passiloin.org\/index.php\/le-projet-lequipe\/","og_site_name":"PAS-SI-LOIN","article_modified_time":"2023-09-14T14:01:04+00:00","og_image":[{"url":"https:\/\/passiloin.org\/wp-content\/uploads\/2023\/09\/Schema-de-gouvernance.png"}],"twitter_card":"summary_large_image","twitter_misc":{"Dur\u00e9e de lecture estim\u00e9e":"2 minutes"},"schema":{"@context":"https:\/\/schema.org","@graph":[{"@type":"WebPage","@id":"https:\/\/passiloin.org\/index.php\/le-projet-lequipe\/","url":"https:\/\/passiloin.org\/index.php\/le-projet-lequipe\/","name":"L'\u00e9quipe - PAS-SI-LOIN","isPartOf":{"@id":"https:\/\/passiloin.org\/#website"},"datePublished":"2023-08-07T11:12:04+00:00","dateModified":"2023-09-14T14:01:04+00:00","breadcrumb":{"@id":"https:\/\/passiloin.org\/index.php\/le-projet-lequipe\/#breadcrumb"},"inLanguage":"fr-FR","potentialAction":[{"@type":"ReadAction","target":["https:\/\/passiloin.org\/index.php\/le-projet-lequipe\/"]}]},{"@type":"BreadcrumbList","@id":"https:\/\/passiloin.org\/index.php\/le-projet-lequipe\/#breadcrumb","itemListElement":[{"@type":"ListItem","position":1,"name":"Accueil","item":"https:\/\/passiloin.org\/"},{"@type":"ListItem","position":2,"name":"L&rsquo;\u00e9quipe"}]},{"@type":"WebSite","@id":"https:\/\/passiloin.org\/#website","url":"https:\/\/passiloin.org\/","name":"PAS-SI-LOIN","description":"L&#039;association Pas Si Loin favorise le lien et la mixit\u00e9 sociale par et pour les habitant.e.s du quartier des 4 Chemins \u00e0 Pantin.","publisher":{"@id":"https:\/\/passiloin.org\/#organization"},"potentialAction":[{"@type":"SearchAction","target":{"@type":"EntryPoint","urlTemplate":"https:\/\/passiloin.org\/?s={search_term_string}"},"query-input":"required name=search_term_string"}],"inLanguage":"fr-FR"},{"@type":"Organization","@id":"https:\/\/passiloin.org\/#organization","name":"PAS-SI-LOIN","url":"https:\/\/passiloin.org\/","logo":{"@type":"ImageObject","inLanguage":"fr-FR","@id":"https:\/\/passiloin.org\/#\/schema\/logo\/image\/","url":"https:\/\/passiloin.org\/wp-content\/uploads\/2023\/08\/pas_si_loin_logo_principal_banniere.jpg","contentUrl":"https:\/\/passiloin.org\/wp-content\/uploads\/2023\/08\/pas_si_loin_logo_principal_banniere.jpg","width":1055,"height":388,"caption":"PAS-SI-LOIN"},"image":{"@id":"https:\/\/passiloin.org\/#\/schema\/logo\/image\/"}}]}},"_links":{"self":[{"href":"https:\/\/passiloin.org\/index.php\/wp-json\/wp\/v2\/pages\/32","targetHints":{"allow":["GET"]}}],"collection":[{"href":"https:\/\/passiloin.org\/index.php\/wp-json\/wp\/v2\/pages"}],"about":[{"href":"https:\/\/passiloin.org\/index.php\/wp-json\/wp\/v2\/types\/page"}],"author":[{"embeddable":true,"href":"https:\/\/passiloin.org\/index.php\/wp-json\/wp\/v2\/users\/2"}],"replies":[{"embeddable":true,"href":"https:\/\/passiloin.org\/index.php\/wp-json\/wp\/v2\/comments?post=32"}],"version-history":[{"count":9,"href":"https:\/\/passiloin.org\/index.php\/wp-json\/wp\/v2\/pages\/32\/revisions"}],"predecessor-version":[{"id":497,"href":"https:\/\/passiloin.org\/index.php\/wp-json\/wp\/v2\/pages\/32\/revisions\/497"}],"wp:attachment":[{"href":"https:\/\/passiloin.org\/index.php\/wp-json\/wp\/v2\/media?parent=32"}],"curies":[{"name":"wp","href":"https:\/\/api.w.org\/{rel}","templated":true}]}}