{"id":30,"date":"2023-08-07T13:11:09","date_gmt":"2023-08-07T11:11:09","guid":{"rendered":"https:\/\/passiloin.org\/?page_id=30"},"modified":"2023-12-12T18:50:19","modified_gmt":"2023-12-12T17:50:19","slug":"le-projet-les-partenaires","status":"publish","type":"page","link":"https:\/\/passiloin.org\/index.php\/le-projet-les-partenaires\/","title":{"rendered":"Les Partenaires"},"content":{"rendered":"\n<h2 class=\"wp-block-heading\">Les Partenaires<\/h2>\n\n\n\n<p><strong>Pr\u00e9sentation des soutiens financiers &amp; op\u00e9rationnels.<\/strong><\/p>\n\n\n\n<p><strong>L\u2019association Pas Si Loin est une initiative habitante<\/strong> qui a b\u00e9n\u00e9fici\u00e9 du soutien d\u00e8s 2014 de <strong>Pantin Habitat<\/strong> et de <strong>la Ville de Pantin<\/strong> avec la mise \u00e0 disposition du local 1 Rue Berthier et la cr\u00e9ation du <strong>Caf\u00e9 Pas Si Loin<\/strong>.<\/p>\n\n\n\n<p><br>Depuis, de nombreuses activit\u00e9s ont ainsi \u00e9t\u00e9 soutenues de fa\u00e7on financi\u00e8re ou partenariale permettant la p\u00e9rennit\u00e9 de l\u2019association jusqu\u2019en 2019. Cette ann\u00e9e de difficult\u00e9s techniques et financi\u00e8res conduit \u00e0 une restructuration de l\u2019association : renouvellement de l\u2019\u00e9quipe, hybridation du mod\u00e8le \u00e9conomique et fonctionnement \u201cd\u2019auberge \u00e0 projet\u201d. Cela conduira \u00e0 la diversification des partenariats op\u00e9rationnels ainsi que des soutiens financiers pour les ann\u00e9es suivantes.<\/p>\n\n\n\n<p>Ainsi l\u2019association Pas Si Loin est associ\u00e9e avec des associations de l\u2019\u00e9chelle locale \u00e0 l&rsquo;\u00e9chelle nationale, des institutions socio-culturelles ainsi que des entreprises de l\u2019ESS :<\/p>\n\n\n\n<figure class=\"wp-block-image size-full\"><img loading=\"lazy\" decoding=\"async\" width=\"788\" height=\"356\" src=\"https:\/\/passiloin.org\/wp-content\/uploads\/2023\/09\/pas_si_loin_partenaires_associations_entreprises_ESS.jpg\" alt=\"\" class=\"wp-image-485\" srcset=\"https:\/\/passiloin.org\/wp-content\/uploads\/2023\/09\/pas_si_loin_partenaires_associations_entreprises_ESS.jpg 788w, https:\/\/passiloin.org\/wp-content\/uploads\/2023\/09\/pas_si_loin_partenaires_associations_entreprises_ESS-300x136.jpg 300w, https:\/\/passiloin.org\/wp-content\/uploads\/2023\/09\/pas_si_loin_partenaires_associations_entreprises_ESS-768x347.jpg 768w\" sizes=\"auto, (max-width: 788px) 100vw, 788px\" \/><\/figure>\n\n\n\n<p><strong>Depuis 2019 l\u2019association a connu plusieurs labellisations et partenariats financiers durable pour l\u2019hybridation de son mod\u00e8le :<\/strong><\/p>\n\n\n\n<figure class=\"wp-block-table aligncenter is-style-tw-border-h-inner\" style=\"margin-top:var(--wp--preset--spacing--20);margin-right:var(--wp--preset--spacing--20);margin-bottom:var(--wp--preset--spacing--20);margin-left:var(--wp--preset--spacing--20);padding-top:var(--wp--preset--spacing--30);padding-right:var(--wp--preset--spacing--30);padding-bottom:var(--wp--preset--spacing--30);padding-left:var(--wp--preset--spacing--30)\"><table class=\"has-border-color has-background-border-color\"><tbody><tr><td class=\"has-text-align-center\" data-align=\"center\"><img loading=\"lazy\" decoding=\"async\" width=\"100\" height=\"75\" class=\"wp-image-622\" style=\"width: 100px;\" src=\"http:\/\/passiloin.org\/wp-content\/uploads\/2023\/10\/logo_partenaire_artagon-e1698665362903.jpg\" alt=\"\"><\/td><td class=\"has-text-align-center\" data-align=\"center\"><img loading=\"lazy\" decoding=\"async\" width=\"100\" height=\"67\" class=\"wp-image-637\" style=\"width: 100px;\" src=\"http:\/\/passiloin.org\/wp-content\/uploads\/2023\/10\/logo_partenaire_vergers_urbains-e1698665169836.jpg\" alt=\"\"><\/td><td><img loading=\"lazy\" decoding=\"async\" width=\"100\" height=\"100\" class=\"wp-image-628\" style=\"width: 100px;\" src=\"http:\/\/passiloin.org\/wp-content\/uploads\/2023\/10\/logo_partenaire_green_resistance-e1698665301277.jpg\" alt=\"\"><br>Green resistance<\/td><\/tr><tr><td class=\"has-text-align-center\" data-align=\"center\"><img loading=\"lazy\" decoding=\"async\" width=\"100\" height=\"100\" class=\"wp-image-631\" style=\"width: 100px;\" src=\"http:\/\/passiloin.org\/wp-content\/uploads\/2023\/10\/logo_partenaire_la_commune-e1698665266184.jpg\" alt=\"\"><\/td><td class=\"has-text-align-center\" data-align=\"center\"><img loading=\"lazy\" decoding=\"async\" width=\"100\" height=\"51\" class=\"wp-image-633\" style=\"width: 100px;\" src=\"http:\/\/passiloin.org\/wp-content\/uploads\/2023\/10\/logo_partenaire_musee_du_louvre-e1698665242477.jpg\" alt=\"\"><\/td><td><img loading=\"lazy\" decoding=\"async\" width=\"100\" height=\"87\" class=\"wp-image-635\" style=\"width: 100px;\" src=\"http:\/\/passiloin.org\/wp-content\/uploads\/2023\/10\/logo_partenaire_petits_freres_des_pauvres-e1698665216841.jpg\" alt=\"\"><\/td><\/tr><tr><td class=\"has-text-align-center\" data-align=\"center\"><img loading=\"lazy\" decoding=\"async\" width=\"100\" height=\"138\" class=\"wp-image-624\" style=\"width: 100px;\" src=\"http:\/\/passiloin.org\/wp-content\/uploads\/2023\/10\/logo_partenaire_cine_104.jpg\" alt=\"Cin\u00e9 104 Pantin\"><\/td><td class=\"has-text-align-center\" data-align=\"center\"><img loading=\"lazy\" decoding=\"async\" width=\"100\" height=\"100\" class=\"wp-image-629\" style=\"width: 100px;\" src=\"http:\/\/passiloin.org\/wp-content\/uploads\/2023\/10\/logo_partenaire_l_amityque-e1698665290374.jpg\" alt=\"\"> <\/td><td><br><img loading=\"lazy\" decoding=\"async\" width=\"100\" height=\"100\" class=\"wp-image-625\" style=\"width: 100px;\" src=\"http:\/\/passiloin.org\/wp-content\/uploads\/2023\/10\/logo_partenaire_citoyen_mitoyen.jpg\" alt=\"\"><\/td><\/tr><tr><td class=\"has-text-align-center\" data-align=\"center\"><img loading=\"lazy\" decoding=\"async\" width=\"100\" height=\"83\" class=\"wp-image-634\" style=\"width: 100px;\" src=\"http:\/\/passiloin.org\/wp-content\/uploads\/2023\/10\/logo_partenaire_pam_pantin_activites_et_metiers-e1698665229763.jpg\" alt=\"\"><\/td><td class=\"has-text-align-center\" data-align=\"center\"><img loading=\"lazy\" decoding=\"async\" width=\"100\" height=\"100\" class=\"wp-image-632\" style=\"width: 100px;\" src=\"http:\/\/passiloin.org\/wp-content\/uploads\/2023\/10\/logo_partenaire_maison_de_quartier_des_4_chemins-e1698665255825.jpg\" alt=\"\"><\/td><td><img loading=\"lazy\" decoding=\"async\" width=\"100\" height=\"37\" class=\"wp-image-638\" style=\"width: 100px;\" src=\"http:\/\/passiloin.org\/wp-content\/uploads\/2023\/10\/logo_partenaire_ville_d_aubervilliers-e1698665184763.jpg\" alt=\"\"><\/td><\/tr><tr><td class=\"has-text-align-center\" data-align=\"center\"><\/td><td class=\"has-text-align-center\" data-align=\"center\"><\/td><td><\/td><\/tr><tr><td class=\"has-text-align-center\" data-align=\"center\"><img decoding=\"async\" src=\"http:\/\/passiloin.org\/wp-content\/uploads\/2023\/10\/logo_partenaire_cultures_du_coeur.jpg\" alt=\"\" style=\"width: 100px;\"><\/td><td class=\"has-text-align-center\" data-align=\"center\"><img decoding=\"async\" src=\"http:\/\/passiloin.org\/wp-content\/uploads\/2023\/10\/logo_partenaire_demory_paris.png\" alt=\"\" style=\"width: 100px;\"><\/td><td><img decoding=\"async\" src=\"http:\/\/passiloin.org\/wp-content\/uploads\/2023\/10\/logo_partenaire_uma.jpg\" alt=\"\" style=\"width: 100px;\"><\/td><\/tr><tr><td class=\"has-text-align-center\" data-align=\"center\"><\/td><td class=\"has-text-align-center\" data-align=\"center\"><\/td><td><\/td><\/tr><tr><td class=\"has-text-align-center\" data-align=\"center\"><img decoding=\"async\" src=\"http:\/\/passiloin.org\/wp-content\/uploads\/2023\/10\/logo_partenaire_brulerie_saint_jacques.jpg\" alt=\"\" style=\"width: 100px;\"><\/td><td class=\"has-text-align-center\" data-align=\"center\"><img decoding=\"async\" src=\"http:\/\/passiloin.org\/wp-content\/uploads\/2023\/10\/logo_partenaire_la_cloche.jpg\" alt=\"\" style=\"width: 100px;\"><\/td><td>Le Th\u00e9\u00e2tre fil de l&rsquo;eau<br>Katalin Patkai Yoga<\/td><\/tr><\/tbody><\/table><\/figure>\n\n\n\n<figure class=\"wp-block-image size-large\"><img loading=\"lazy\" decoding=\"async\" width=\"1024\" height=\"825\" src=\"https:\/\/passiloin.org\/wp-content\/uploads\/2023\/09\/pas_si_loin_partenaires_financeurs_2023-1024x825.jpg\" alt=\"\" class=\"wp-image-489\" srcset=\"https:\/\/passiloin.org\/wp-content\/uploads\/2023\/09\/pas_si_loin_partenaires_financeurs_2023-1024x825.jpg 1024w, https:\/\/passiloin.org\/wp-content\/uploads\/2023\/09\/pas_si_loin_partenaires_financeurs_2023-300x242.jpg 300w, https:\/\/passiloin.org\/wp-content\/uploads\/2023\/09\/pas_si_loin_partenaires_financeurs_2023-768x619.jpg 768w, https:\/\/passiloin.org\/wp-content\/uploads\/2023\/09\/pas_si_loin_partenaires_financeurs_2023-1536x1238.jpg 1536w, https:\/\/passiloin.org\/wp-content\/uploads\/2023\/09\/pas_si_loin_partenaires_financeurs_2023-2048x1651.jpg 2048w\" sizes=\"auto, (max-width: 1024px) 100vw, 1024px\" \/><\/figure>\n\n\n\n<div class=\"wp-block-group is-layout-constrained wp-block-group-is-layout-constrained\"><\/div>\n","protected":false},"excerpt":{"rendered":"<p>Les Partenaires Pr\u00e9sentation des soutiens financiers &amp; op\u00e9rationnels. L\u2019association Pas Si Loin est une initiative habitante qui a b\u00e9n\u00e9fici\u00e9 du soutien d\u00e8s 2014 de Pantin Habitat et de la Ville [&hellip;]<\/p>\n","protected":false},"author":2,"featured_media":0,"parent":0,"menu_order":0,"comment_status":"closed","ping_status":"closed","template":"","meta":{"_EventAllDay":false,"_EventTimezone":"","_EventStartDate":"","_EventEndDate":"","_EventStartDateUTC":"","_EventEndDateUTC":"","_EventShowMap":false,"_EventShowMapLink":false,"_EventURL":"","_EventCost":"","_EventCostDescription":"","_EventCurrencySymbol":"","_EventCurrencyCode":"","_EventCurrencyPosition":"","_EventDateTimeSeparator":"","_EventTimeRangeSeparator":"","_EventOrganizerID":[],"_EventVenueID":[],"_OrganizerEmail":"","_OrganizerPhone":"","_OrganizerWebsite":"","_VenueAddress":"","_VenueCity":"","_VenueCountry":"","_VenueProvince":"","_VenueState":"","_VenueZip":"","_VenuePhone":"","_VenueURL":"","_VenueStateProvince":"","_VenueLat":"","_VenueLng":"","_VenueShowMap":false,"_VenueShowMapLink":false,"footnotes":""},"class_list":["post-30","page","type-page","status-publish","hentry"],"yoast_head":"<!-- This site is optimized with the Yoast SEO plugin v22.0 - https:\/\/yoast.com\/wordpress\/plugins\/seo\/ -->\n<title>Les Partenaires - PAS-SI-LOIN<\/title>\n<meta name=\"robots\" content=\"index, follow, max-snippet:-1, max-image-preview:large, max-video-preview:-1\" \/>\n<link rel=\"canonical\" href=\"https:\/\/passiloin.org\/index.php\/le-projet-les-partenaires\/\" \/>\n<meta property=\"og:locale\" content=\"fr_FR\" \/>\n<meta property=\"og:type\" content=\"article\" \/>\n<meta property=\"og:title\" content=\"Les Partenaires - PAS-SI-LOIN\" \/>\n<meta property=\"og:description\" content=\"Les Partenaires Pr\u00e9sentation des soutiens financiers &amp; op\u00e9rationnels. L\u2019association Pas Si Loin est une initiative habitante qui a b\u00e9n\u00e9fici\u00e9 du soutien d\u00e8s 2014 de Pantin Habitat et de la Ville [&hellip;]\" \/>\n<meta property=\"og:url\" content=\"https:\/\/passiloin.org\/index.php\/le-projet-les-partenaires\/\" \/>\n<meta property=\"og:site_name\" content=\"PAS-SI-LOIN\" \/>\n<meta property=\"article:modified_time\" content=\"2023-12-12T17:50:19+00:00\" \/>\n<meta property=\"og:image\" content=\"https:\/\/passiloin.org\/wp-content\/uploads\/2023\/09\/pas_si_loin_partenaires_associations_entreprises_ESS.jpg\" \/>\n<meta name=\"twitter:card\" content=\"summary_large_image\" \/>\n<meta name=\"twitter:label1\" content=\"Dur\u00e9e de lecture estim\u00e9e\" \/>\n\t<meta name=\"twitter:data1\" content=\"5 minutes\" \/>\n<script type=\"application\/ld+json\" class=\"yoast-schema-graph\">{\"@context\":\"https:\/\/schema.org\",\"@graph\":[{\"@type\":\"WebPage\",\"@id\":\"https:\/\/passiloin.org\/index.php\/le-projet-les-partenaires\/\",\"url\":\"https:\/\/passiloin.org\/index.php\/le-projet-les-partenaires\/\",\"name\":\"Les Partenaires - PAS-SI-LOIN\",\"isPartOf\":{\"@id\":\"https:\/\/passiloin.org\/#website\"},\"datePublished\":\"2023-08-07T11:11:09+00:00\",\"dateModified\":\"2023-12-12T17:50:19+00:00\",\"breadcrumb\":{\"@id\":\"https:\/\/passiloin.org\/index.php\/le-projet-les-partenaires\/#breadcrumb\"},\"inLanguage\":\"fr-FR\",\"potentialAction\":[{\"@type\":\"ReadAction\",\"target\":[\"https:\/\/passiloin.org\/index.php\/le-projet-les-partenaires\/\"]}]},{\"@type\":\"BreadcrumbList\",\"@id\":\"https:\/\/passiloin.org\/index.php\/le-projet-les-partenaires\/#breadcrumb\",\"itemListElement\":[{\"@type\":\"ListItem\",\"position\":1,\"name\":\"Accueil\",\"item\":\"https:\/\/passiloin.org\/\"},{\"@type\":\"ListItem\",\"position\":2,\"name\":\"Les Partenaires\"}]},{\"@type\":\"WebSite\",\"@id\":\"https:\/\/passiloin.org\/#website\",\"url\":\"https:\/\/passiloin.org\/\",\"name\":\"PAS-SI-LOIN\",\"description\":\"L&#039;association Pas Si Loin favorise le lien et la mixit\u00e9 sociale par et pour les habitant.e.s du quartier des 4 Chemins \u00e0 Pantin.\",\"publisher\":{\"@id\":\"https:\/\/passiloin.org\/#organization\"},\"potentialAction\":[{\"@type\":\"SearchAction\",\"target\":{\"@type\":\"EntryPoint\",\"urlTemplate\":\"https:\/\/passiloin.org\/?s={search_term_string}\"},\"query-input\":\"required name=search_term_string\"}],\"inLanguage\":\"fr-FR\"},{\"@type\":\"Organization\",\"@id\":\"https:\/\/passiloin.org\/#organization\",\"name\":\"PAS-SI-LOIN\",\"url\":\"https:\/\/passiloin.org\/\",\"logo\":{\"@type\":\"ImageObject\",\"inLanguage\":\"fr-FR\",\"@id\":\"https:\/\/passiloin.org\/#\/schema\/logo\/image\/\",\"url\":\"https:\/\/passiloin.org\/wp-content\/uploads\/2023\/08\/pas_si_loin_logo_principal_banniere.jpg\",\"contentUrl\":\"https:\/\/passiloin.org\/wp-content\/uploads\/2023\/08\/pas_si_loin_logo_principal_banniere.jpg\",\"width\":1055,\"height\":388,\"caption\":\"PAS-SI-LOIN\"},\"image\":{\"@id\":\"https:\/\/passiloin.org\/#\/schema\/logo\/image\/\"}}]}<\/script>\n<!-- \/ Yoast SEO plugin. -->","yoast_head_json":{"title":"Les Partenaires - PAS-SI-LOIN","robots":{"index":"index","follow":"follow","max-snippet":"max-snippet:-1","max-image-preview":"max-image-preview:large","max-video-preview":"max-video-preview:-1"},"canonical":"https:\/\/passiloin.org\/index.php\/le-projet-les-partenaires\/","og_locale":"fr_FR","og_type":"article","og_title":"Les Partenaires - PAS-SI-LOIN","og_description":"Les Partenaires Pr\u00e9sentation des soutiens financiers &amp; op\u00e9rationnels. L\u2019association Pas Si Loin est une initiative habitante qui a b\u00e9n\u00e9fici\u00e9 du soutien d\u00e8s 2014 de Pantin Habitat et de la Ville [&hellip;]","og_url":"https:\/\/passiloin.org\/index.php\/le-projet-les-partenaires\/","og_site_name":"PAS-SI-LOIN","article_modified_time":"2023-12-12T17:50:19+00:00","og_image":[{"url":"https:\/\/passiloin.org\/wp-content\/uploads\/2023\/09\/pas_si_loin_partenaires_associations_entreprises_ESS.jpg"}],"twitter_card":"summary_large_image","twitter_misc":{"Dur\u00e9e de lecture estim\u00e9e":"5 minutes"},"schema":{"@context":"https:\/\/schema.org","@graph":[{"@type":"WebPage","@id":"https:\/\/passiloin.org\/index.php\/le-projet-les-partenaires\/","url":"https:\/\/passiloin.org\/index.php\/le-projet-les-partenaires\/","name":"Les Partenaires - PAS-SI-LOIN","isPartOf":{"@id":"https:\/\/passiloin.org\/#website"},"datePublished":"2023-08-07T11:11:09+00:00","dateModified":"2023-12-12T17:50:19+00:00","breadcrumb":{"@id":"https:\/\/passiloin.org\/index.php\/le-projet-les-partenaires\/#breadcrumb"},"inLanguage":"fr-FR","potentialAction":[{"@type":"ReadAction","target":["https:\/\/passiloin.org\/index.php\/le-projet-les-partenaires\/"]}]},{"@type":"BreadcrumbList","@id":"https:\/\/passiloin.org\/index.php\/le-projet-les-partenaires\/#breadcrumb","itemListElement":[{"@type":"ListItem","position":1,"name":"Accueil","item":"https:\/\/passiloin.org\/"},{"@type":"ListItem","position":2,"name":"Les Partenaires"}]},{"@type":"WebSite","@id":"https:\/\/passiloin.org\/#website","url":"https:\/\/passiloin.org\/","name":"PAS-SI-LOIN","description":"L&#039;association Pas Si Loin favorise le lien et la mixit\u00e9 sociale par et pour les habitant.e.s du quartier des 4 Chemins \u00e0 Pantin.","publisher":{"@id":"https:\/\/passiloin.org\/#organization"},"potentialAction":[{"@type":"SearchAction","target":{"@type":"EntryPoint","urlTemplate":"https:\/\/passiloin.org\/?s={search_term_string}"},"query-input":"required name=search_term_string"}],"inLanguage":"fr-FR"},{"@type":"Organization","@id":"https:\/\/passiloin.org\/#organization","name":"PAS-SI-LOIN","url":"https:\/\/passiloin.org\/","logo":{"@type":"ImageObject","inLanguage":"fr-FR","@id":"https:\/\/passiloin.org\/#\/schema\/logo\/image\/","url":"https:\/\/passiloin.org\/wp-content\/uploads\/2023\/08\/pas_si_loin_logo_principal_banniere.jpg","contentUrl":"https:\/\/passiloin.org\/wp-content\/uploads\/2023\/08\/pas_si_loin_logo_principal_banniere.jpg","width":1055,"height":388,"caption":"PAS-SI-LOIN"},"image":{"@id":"https:\/\/passiloin.org\/#\/schema\/logo\/image\/"}}]}},"_links":{"self":[{"href":"https:\/\/passiloin.org\/index.php\/wp-json\/wp\/v2\/pages\/30","targetHints":{"allow":["GET"]}}],"collection":[{"href":"https:\/\/passiloin.org\/index.php\/wp-json\/wp\/v2\/pages"}],"about":[{"href":"https:\/\/passiloin.org\/index.php\/wp-json\/wp\/v2\/types\/page"}],"author":[{"embeddable":true,"href":"https:\/\/passiloin.org\/index.php\/wp-json\/wp\/v2\/users\/2"}],"replies":[{"embeddable":true,"href":"https:\/\/passiloin.org\/index.php\/wp-json\/wp\/v2\/comments?post=30"}],"version-history":[{"count":37,"href":"https:\/\/passiloin.org\/index.php\/wp-json\/wp\/v2\/pages\/30\/revisions"}],"predecessor-version":[{"id":717,"href":"https:\/\/passiloin.org\/index.php\/wp-json\/wp\/v2\/pages\/30\/revisions\/717"}],"wp:attachment":[{"href":"https:\/\/passiloin.org\/index.php\/wp-json\/wp\/v2\/media?parent=30"}],"curies":[{"name":"wp","href":"https:\/\/api.w.org\/{rel}","templated":true}]}}