{"id":28,"date":"2023-08-07T13:10:04","date_gmt":"2023-08-07T11:10:04","guid":{"rendered":"https:\/\/passiloin.org\/?page_id=28"},"modified":"2023-09-15T13:06:03","modified_gmt":"2023-09-15T11:06:03","slug":"le-projet-les-lieux","status":"publish","type":"page","link":"https:\/\/passiloin.org\/index.php\/le-projet-les-lieux\/","title":{"rendered":"Les Lieux"},"content":{"rendered":"\n<h1 class=\"wp-block-heading has-text-align-center has-tw-font-1-font-family has-large-font-size\" style=\"font-style:normal;font-weight:400\">Pour remplir son objectif social et ses projets, l\u2019association anime et g\u00e8re 3 tiers-lieux <br>dans le quartier des 4 Chemins \u00e0 Pantin :&nbsp;<\/h1>\n\n\n\n<h1 class=\"wp-block-heading has-text-align-center has-tw-font-1-font-family has-large-font-size\" style=\"font-style:normal;font-weight:700\"><br><\/h1>\n\n\n\n<ul class=\"has-large-font-size wp-block-list\">\n<li class=\"has-medium-font-size\"><strong><a href=\"#atelier\">L\u2019Atelier<\/a> Pas Si Loin<\/strong>, 1 Rue Berthier<br><br><\/li>\n\n\n\n<li class=\"has-medium-font-size\"><strong><a href=\"#cantine\">La Cantine<\/a> Pas Si Loin-Artagon<\/strong>, 36 Rue Cartier Bresson<br><br><\/li>\n\n\n\n<li class=\"has-medium-font-size\"><strong><a href=\"#marche\">Le March\u00e9<\/a> Pas Si Loin<\/strong>, 48 Avenue Edouard Vaillant<br><\/li>\n<\/ul>\n\n\n\n<figure class=\"wp-block-image size-large\"><img loading=\"lazy\" decoding=\"async\" width=\"1024\" height=\"724\" src=\"https:\/\/passiloin.org\/wp-content\/uploads\/2023\/09\/pas_si_loin_carte_3_tiers_lieux-1024x724.jpg\" alt=\"\" class=\"wp-image-280\" srcset=\"https:\/\/passiloin.org\/wp-content\/uploads\/2023\/09\/pas_si_loin_carte_3_tiers_lieux-1024x724.jpg 1024w, https:\/\/passiloin.org\/wp-content\/uploads\/2023\/09\/pas_si_loin_carte_3_tiers_lieux-300x212.jpg 300w, https:\/\/passiloin.org\/wp-content\/uploads\/2023\/09\/pas_si_loin_carte_3_tiers_lieux-768x543.jpg 768w, https:\/\/passiloin.org\/wp-content\/uploads\/2023\/09\/pas_si_loin_carte_3_tiers_lieux-1536x1086.jpg 1536w, https:\/\/passiloin.org\/wp-content\/uploads\/2023\/09\/pas_si_loin_carte_3_tiers_lieux.jpg 1600w\" sizes=\"auto, (max-width: 1024px) 100vw, 1024px\" \/><\/figure>\n\n\n\n<div style=\"height:120px\" aria-hidden=\"true\" id=\"atelier\" class=\"wp-block-spacer\"><\/div>\n\n\n\n<ul class=\"wp-block-list\">\n<li><strong>L\u2019ATELIER PAS SI LOIN<\/strong><\/li>\n<\/ul>\n\n\n\n<p>1 Rue Berthier, 70 m\u00b2. Ateliers.<br><strong><a href=\"https:\/\/goo.gl\/maps\/wpxdJPMbiCAgjnsW9\" target=\"_blank\" rel=\"noreferrer noopener nofollow\">Localiser avec Google Maps<\/a><\/strong><br><br>Anciennement Caf\u00e9 Pas Si Loin, c\u2019est le local historique de l\u2019association, pr\u00e9sente depuis 2014. C\u2019est depuis 2022 et la diversification des activit\u00e9s de l\u2019association, <strong>L\u2019Atelier Pas Si Loin<\/strong>, car comme son nom l\u2019indique, il s\u2019y d\u00e9roule d\u00e9sormais les activit\u00e9s r\u00e9guli\u00e8res, les r\u00e9unions et les ateliers de l\u2019association.<br>Le local a ainsi \u00e9t\u00e9 grandement r\u00e9nov\u00e9 en 2023 pour devenir un v\u00e9ritable espace polyvalent, chaleureux et appropri\u00e9 \u00e0 des publics particuliers : personnes en perte d\u2019autonomie, mamans et enfants, jeune public. Ces travaux ont am\u00e9lior\u00e9 sa capacit\u00e9 \u00e0 devenir un cin\u00e9ma, une salle d\u2019exposition, un atelier yoga, voire de d\u00e9border d\u2019activit\u00e9s ext\u00e9rieures sur l\u2019impasse pi\u00e9tonne attenante. Il a en plus la singularit\u00e9 de disposer d\u2019une cuisine \u00e9quip\u00e9e, ouverte et agr\u00e9able, pour y mener des ateliers culinaires ; unique et tr\u00e8s populaire dans le quartier.<br><br>Pendant les vacances scolaires estivales, nous y organisons notamment un mini-festival P\u00e9riph\u2019plage : ce sont diverses activit\u00e9s socio-culturelles dans le passage Forceval pour les personnes qui ne peuvent partir en vacances.<br><br>Toute la programmation de <strong>l\u2019Atelier <\/strong>est \u00e0 retrouver dans l\u2019onglet <a href=\"https:\/\/passiloin.org\/index.php\/agenda\/\">Agenda<\/a><br><\/p>\n\n\n\n\n\n\n<div style=\"height:120px\" aria-hidden=\"true\" id=\"cantine\" class=\"wp-block-spacer\"><\/div>\n\n\n\n<ul class=\"wp-block-list\">\n<li><strong>LA CANTINE PAS SI LOIN-ARTAGON<\/strong><\/li>\n<\/ul>\n\n\n\n<p>36 Rue Cartier Bresson, 200 m\u00b2 de salle &amp; 200m\u00b2 de terrasse. Cantine &amp; \u00e9v\u00e9nements.<br><strong><strong><a href=\"https:\/\/goo.gl\/maps\/xfR1QGeMMtToNP5NA\" target=\"_blank\" rel=\"noreferrer noopener nofollow\">Localiser avec Google Maps<\/a><\/strong><\/strong><br><br>Dans l\u2019ancien coll\u00e8ge du quartier et son r\u00e9fectoire, l&rsquo;association Pas Si Loin a enfin pu d\u00e9velopper son projet de <strong>Cuisine de territoire<\/strong> et ainsi r\u00e9nover ces espaces pour en faire une v\u00e9ritable <strong>Cantine de Quartier<\/strong>, avec des espaces conviviaux non d\u00e9di\u00e9s \u00e0 la consommation.<\/p>\n\n\n\n<p>Issu d\u2019un partenariat avec l\u2019association Artagon, <strong>La Cantine<\/strong> propose :<\/p>\n\n\n\n<ul class=\"wp-block-list\">\n<li>une cuisine de qualit\u00e9, g\u00e9n\u00e9reuse et vari\u00e9e \u00e0 tous les d\u00e9jeuners<\/li>\n\n\n\n<li>des moments culturels et festifs valorisant les talents du quartier<\/li>\n\n\n\n<li>un service traiteur gourmand et innovant en cyclo-logistique<br><\/li>\n<\/ul>\n\n\n\n<p>C\u2019est enfin l\u2019ancrage d\u2019un projet labellis\u00e9 <strong>\u201cFabrique de territoire\u201d<\/strong> en 2021 : un projet culinaire participatif, d\u2019insertion, et d\u2019\u00e9conomie sociale et solidaire :&nbsp;<\/p>\n\n\n\n<ul class=\"wp-block-list\">\n<li>Proposer une offre de restauration nouvelle dans le quartier, autour de plusieurs cycles d\u2019utilisation, entre <strong>Cantine Participative et Solidaire<\/strong> travaillant les rebuts de march\u00e9. Restauration r\u00e9guli\u00e8re \u00e0 l&rsquo;heure du d\u00e9jeuner et promotion des talents culinaires du quartier.<\/li>\n\n\n\n<li>R\u00e9v\u00e9ler des talents du quartier en accompagnant des femmes pour leur permettre d&rsquo;inventer leur m\u00e9tier de restauration face \u00e0 la transformation du secteur avec un accompagnement professionnelle et des cr\u00e9neaux d\u00e9di\u00e9s<br><br><\/li>\n<\/ul>\n\n\n\n<p>Toutes les informations pratiques sur <strong>La Cantine<\/strong> et ses services sont \u00e0 retrouver dans l\u2019onglet <a href=\"https:\/\/passiloin.org\/index.php\/savourez\/\">Savourez<\/a>.<\/p>\n\n\n\n\n\n\n<div style=\"height:120px\" aria-hidden=\"true\" id=\"marche\" class=\"wp-block-spacer\"><\/div>\n\n\n\n<ul class=\"wp-block-list\">\n<li><strong>LE MARCH\u00c9 PAS SI LOIN<\/strong><\/li>\n<\/ul>\n\n\n\n<p>&nbsp;48 Avenue Edouard Vaillant, Stand buvette dans le march\u00e9 Magenta, Petite restauration<br><strong><strong><strong><a href=\"https:\/\/goo.gl\/maps\/utjLo8mi13y2ADr86\" target=\"_blank\" rel=\"noreferrer noopener nofollow\">Localiser avec Google Maps<\/a><\/strong><\/strong><\/strong><\/p>\n\n\n\n<p>Ouvert en 2022 avec la d\u00e9localisation temporaire du March\u00e9 Magenta, l\u2019association Pas Si Loin ouvrait son premier espace d\u00e9di\u00e9 \u00e0 son p\u00f4le Cuisine, alors en plein d\u00e9veloppement. Ce fut la premi\u00e8re \u00e9tape concr\u00e8te du projet de Cuisine de Territoire : des Talents culinaires du quartier cuisinaient dans le foodlab local de l\u2019ESAT le Colibri diverses sp\u00e9cialit\u00e9s culinaires que nous servions ensuite quotidiennement sur notre stand-buvette.<\/p>\n\n\n\n<p>Nous avons aussi anim\u00e9 divers \u00e9v\u00e9nements lors des dimanches pour exp\u00e9rimenter un fonctionnement hybride d\u2019un tel espace public.<\/p>\n\n\n\n<p>Mais rapidement nous avons rencontr\u00e9 un probl\u00e8me majeur : une malfa\u00e7on de l\u2019infrastructure \u00e9lectrique de la halle nous a forc\u00e9 \u00e0 fermer.<br>En parall\u00e8le nous avons pu ouvrir un nouveau lieu avec notre propre cuisine et Foodlab : La Cantine qui nous a permis ainsi transf\u00e9r\u00e9 le programme de Cuisine de Territoire.<\/p>\n\n\n\n<p>Ainsi aujourd\u2019hui nous sommes en pleine r\u00e9flexion sur le devenir de ce stand sur le march\u00e9 une fois le probl\u00e8me technique r\u00e9solu. Plusieurs pistes sont \u00e9tudi\u00e9es : \u00e9picerie, stand partag\u00e9 \u00e0 divers initiatives ESS locales, stand traiteur des talents du quartier, etc<\/p>\n\n\n\n<p>Nous annoncerons bient\u00f4t sur nos r\u00e9seaux sociaux le devenir de cet espace.<\/p>\n\n\n\n","protected":false},"excerpt":{"rendered":"<p>Pour remplir son objectif social et ses projets, l\u2019association anime et g\u00e8re 3 tiers-lieux dans le quartier des 4 Chemins \u00e0 Pantin :&nbsp; 1 Rue Berthier, 70 m\u00b2. Ateliers.Localiser avec [&hellip;]<\/p>\n","protected":false},"author":2,"featured_media":0,"parent":0,"menu_order":0,"comment_status":"closed","ping_status":"closed","template":"","meta":{"_EventAllDay":false,"_EventTimezone":"","_EventStartDate":"","_EventEndDate":"","_EventStartDateUTC":"","_EventEndDateUTC":"","_EventShowMap":false,"_EventShowMapLink":false,"_EventURL":"","_EventCost":"","_EventCostDescription":"","_EventCurrencySymbol":"","_EventCurrencyCode":"","_EventCurrencyPosition":"","_EventDateTimeSeparator":"","_EventTimeRangeSeparator":"","_EventOrganizerID":[],"_EventVenueID":[],"_OrganizerEmail":"","_OrganizerPhone":"","_OrganizerWebsite":"","_VenueAddress":"","_VenueCity":"","_VenueCountry":"","_VenueProvince":"","_VenueState":"","_VenueZip":"","_VenuePhone":"","_VenueURL":"","_VenueStateProvince":"","_VenueLat":"","_VenueLng":"","_VenueShowMap":false,"_VenueShowMapLink":false,"footnotes":""},"class_list":["post-28","page","type-page","status-publish","hentry"],"yoast_head":"<!-- This site is optimized with the Yoast SEO plugin v22.0 - https:\/\/yoast.com\/wordpress\/plugins\/seo\/ -->\n<title>Les Lieux - PAS-SI-LOIN<\/title>\n<meta name=\"robots\" content=\"index, follow, max-snippet:-1, max-image-preview:large, max-video-preview:-1\" \/>\n<link rel=\"canonical\" href=\"https:\/\/passiloin.org\/index.php\/le-projet-les-lieux\/\" \/>\n<meta property=\"og:locale\" content=\"fr_FR\" \/>\n<meta property=\"og:type\" content=\"article\" \/>\n<meta property=\"og:title\" content=\"Les Lieux - PAS-SI-LOIN\" \/>\n<meta property=\"og:description\" content=\"Pour remplir son objectif social et ses projets, l\u2019association anime et g\u00e8re 3 tiers-lieux dans le quartier des 4 Chemins \u00e0 Pantin :&nbsp; 1 Rue Berthier, 70 m\u00b2. Ateliers.Localiser avec [&hellip;]\" \/>\n<meta property=\"og:url\" content=\"https:\/\/passiloin.org\/index.php\/le-projet-les-lieux\/\" \/>\n<meta property=\"og:site_name\" content=\"PAS-SI-LOIN\" \/>\n<meta property=\"article:modified_time\" content=\"2023-09-15T11:06:03+00:00\" \/>\n<meta property=\"og:image\" content=\"https:\/\/passiloin.org\/wp-content\/uploads\/2023\/09\/pas_si_loin_carte_3_tiers_lieux-1024x724.jpg\" \/>\n<meta name=\"twitter:card\" content=\"summary_large_image\" \/>\n<meta name=\"twitter:label1\" content=\"Dur\u00e9e de lecture estim\u00e9e\" \/>\n\t<meta name=\"twitter:data1\" content=\"4 minutes\" \/>\n<script type=\"application\/ld+json\" class=\"yoast-schema-graph\">{\"@context\":\"https:\/\/schema.org\",\"@graph\":[{\"@type\":\"WebPage\",\"@id\":\"https:\/\/passiloin.org\/index.php\/le-projet-les-lieux\/\",\"url\":\"https:\/\/passiloin.org\/index.php\/le-projet-les-lieux\/\",\"name\":\"Les Lieux - PAS-SI-LOIN\",\"isPartOf\":{\"@id\":\"https:\/\/passiloin.org\/#website\"},\"datePublished\":\"2023-08-07T11:10:04+00:00\",\"dateModified\":\"2023-09-15T11:06:03+00:00\",\"breadcrumb\":{\"@id\":\"https:\/\/passiloin.org\/index.php\/le-projet-les-lieux\/#breadcrumb\"},\"inLanguage\":\"fr-FR\",\"potentialAction\":[{\"@type\":\"ReadAction\",\"target\":[\"https:\/\/passiloin.org\/index.php\/le-projet-les-lieux\/\"]}]},{\"@type\":\"BreadcrumbList\",\"@id\":\"https:\/\/passiloin.org\/index.php\/le-projet-les-lieux\/#breadcrumb\",\"itemListElement\":[{\"@type\":\"ListItem\",\"position\":1,\"name\":\"Accueil\",\"item\":\"https:\/\/passiloin.org\/\"},{\"@type\":\"ListItem\",\"position\":2,\"name\":\"Les Lieux\"}]},{\"@type\":\"WebSite\",\"@id\":\"https:\/\/passiloin.org\/#website\",\"url\":\"https:\/\/passiloin.org\/\",\"name\":\"PAS-SI-LOIN\",\"description\":\"L&#039;association Pas Si Loin favorise le lien et la mixit\u00e9 sociale par et pour les habitant.e.s du quartier des 4 Chemins \u00e0 Pantin.\",\"publisher\":{\"@id\":\"https:\/\/passiloin.org\/#organization\"},\"potentialAction\":[{\"@type\":\"SearchAction\",\"target\":{\"@type\":\"EntryPoint\",\"urlTemplate\":\"https:\/\/passiloin.org\/?s={search_term_string}\"},\"query-input\":\"required name=search_term_string\"}],\"inLanguage\":\"fr-FR\"},{\"@type\":\"Organization\",\"@id\":\"https:\/\/passiloin.org\/#organization\",\"name\":\"PAS-SI-LOIN\",\"url\":\"https:\/\/passiloin.org\/\",\"logo\":{\"@type\":\"ImageObject\",\"inLanguage\":\"fr-FR\",\"@id\":\"https:\/\/passiloin.org\/#\/schema\/logo\/image\/\",\"url\":\"https:\/\/passiloin.org\/wp-content\/uploads\/2023\/08\/pas_si_loin_logo_principal_banniere.jpg\",\"contentUrl\":\"https:\/\/passiloin.org\/wp-content\/uploads\/2023\/08\/pas_si_loin_logo_principal_banniere.jpg\",\"width\":1055,\"height\":388,\"caption\":\"PAS-SI-LOIN\"},\"image\":{\"@id\":\"https:\/\/passiloin.org\/#\/schema\/logo\/image\/\"}}]}<\/script>\n<!-- \/ Yoast SEO plugin. -->","yoast_head_json":{"title":"Les Lieux - PAS-SI-LOIN","robots":{"index":"index","follow":"follow","max-snippet":"max-snippet:-1","max-image-preview":"max-image-preview:large","max-video-preview":"max-video-preview:-1"},"canonical":"https:\/\/passiloin.org\/index.php\/le-projet-les-lieux\/","og_locale":"fr_FR","og_type":"article","og_title":"Les Lieux - PAS-SI-LOIN","og_description":"Pour remplir son objectif social et ses projets, l\u2019association anime et g\u00e8re 3 tiers-lieux dans le quartier des 4 Chemins \u00e0 Pantin :&nbsp; 1 Rue Berthier, 70 m\u00b2. Ateliers.Localiser avec [&hellip;]","og_url":"https:\/\/passiloin.org\/index.php\/le-projet-les-lieux\/","og_site_name":"PAS-SI-LOIN","article_modified_time":"2023-09-15T11:06:03+00:00","og_image":[{"url":"https:\/\/passiloin.org\/wp-content\/uploads\/2023\/09\/pas_si_loin_carte_3_tiers_lieux-1024x724.jpg"}],"twitter_card":"summary_large_image","twitter_misc":{"Dur\u00e9e de lecture estim\u00e9e":"4 minutes"},"schema":{"@context":"https:\/\/schema.org","@graph":[{"@type":"WebPage","@id":"https:\/\/passiloin.org\/index.php\/le-projet-les-lieux\/","url":"https:\/\/passiloin.org\/index.php\/le-projet-les-lieux\/","name":"Les Lieux - PAS-SI-LOIN","isPartOf":{"@id":"https:\/\/passiloin.org\/#website"},"datePublished":"2023-08-07T11:10:04+00:00","dateModified":"2023-09-15T11:06:03+00:00","breadcrumb":{"@id":"https:\/\/passiloin.org\/index.php\/le-projet-les-lieux\/#breadcrumb"},"inLanguage":"fr-FR","potentialAction":[{"@type":"ReadAction","target":["https:\/\/passiloin.org\/index.php\/le-projet-les-lieux\/"]}]},{"@type":"BreadcrumbList","@id":"https:\/\/passiloin.org\/index.php\/le-projet-les-lieux\/#breadcrumb","itemListElement":[{"@type":"ListItem","position":1,"name":"Accueil","item":"https:\/\/passiloin.org\/"},{"@type":"ListItem","position":2,"name":"Les Lieux"}]},{"@type":"WebSite","@id":"https:\/\/passiloin.org\/#website","url":"https:\/\/passiloin.org\/","name":"PAS-SI-LOIN","description":"L&#039;association Pas Si Loin favorise le lien et la mixit\u00e9 sociale par et pour les habitant.e.s du quartier des 4 Chemins \u00e0 Pantin.","publisher":{"@id":"https:\/\/passiloin.org\/#organization"},"potentialAction":[{"@type":"SearchAction","target":{"@type":"EntryPoint","urlTemplate":"https:\/\/passiloin.org\/?s={search_term_string}"},"query-input":"required name=search_term_string"}],"inLanguage":"fr-FR"},{"@type":"Organization","@id":"https:\/\/passiloin.org\/#organization","name":"PAS-SI-LOIN","url":"https:\/\/passiloin.org\/","logo":{"@type":"ImageObject","inLanguage":"fr-FR","@id":"https:\/\/passiloin.org\/#\/schema\/logo\/image\/","url":"https:\/\/passiloin.org\/wp-content\/uploads\/2023\/08\/pas_si_loin_logo_principal_banniere.jpg","contentUrl":"https:\/\/passiloin.org\/wp-content\/uploads\/2023\/08\/pas_si_loin_logo_principal_banniere.jpg","width":1055,"height":388,"caption":"PAS-SI-LOIN"},"image":{"@id":"https:\/\/passiloin.org\/#\/schema\/logo\/image\/"}}]}},"_links":{"self":[{"href":"https:\/\/passiloin.org\/index.php\/wp-json\/wp\/v2\/pages\/28","targetHints":{"allow":["GET"]}}],"collection":[{"href":"https:\/\/passiloin.org\/index.php\/wp-json\/wp\/v2\/pages"}],"about":[{"href":"https:\/\/passiloin.org\/index.php\/wp-json\/wp\/v2\/types\/page"}],"author":[{"embeddable":true,"href":"https:\/\/passiloin.org\/index.php\/wp-json\/wp\/v2\/users\/2"}],"replies":[{"embeddable":true,"href":"https:\/\/passiloin.org\/index.php\/wp-json\/wp\/v2\/comments?post=28"}],"version-history":[{"count":35,"href":"https:\/\/passiloin.org\/index.php\/wp-json\/wp\/v2\/pages\/28\/revisions"}],"predecessor-version":[{"id":583,"href":"https:\/\/passiloin.org\/index.php\/wp-json\/wp\/v2\/pages\/28\/revisions\/583"}],"wp:attachment":[{"href":"https:\/\/passiloin.org\/index.php\/wp-json\/wp\/v2\/media?parent=28"}],"curies":[{"name":"wp","href":"https:\/\/api.w.org\/{rel}","templated":true}]}}