{"id":26,"date":"2023-08-07T13:08:33","date_gmt":"2023-08-07T11:08:33","guid":{"rendered":"https:\/\/passiloin.org\/?page_id=26"},"modified":"2024-01-15T17:45:40","modified_gmt":"2024-01-15T16:45:40","slug":"le-projet-projet-etats-de-femmes","status":"publish","type":"page","link":"https:\/\/passiloin.org\/index.php\/le-projet-projet-etats-de-femmes\/","title":{"rendered":"Projet \u00c9tats de Femmes"},"content":{"rendered":"\n<h1 class=\"wp-block-heading has-tw-font-1-font-family has-large-font-size\">\u00c9tats de Femmes<\/h1>\n\n\n\n<p><br>Le projet <strong>Etats de Femmes<\/strong>, pilier des activit\u00e9s de l\u2019association a \u00e9t\u00e9<strong> imagin\u00e9 et fond\u00e9 par des femmes en 2014 (de jeunes mamans du quartier), <\/strong>en r\u00e9action \u00e0 une situation de quartier particuli\u00e8re : les femmes et encore plus les mamans n\u2019ont pas d\u2019espaces ni de moments pour se retrouver dans le quartier (en plus d\u2019\u00eatre oppress\u00e9 par une sur-pr\u00e9sence masculine dans les espaces publics). Jusqu\u2019en 2019 le projet \u00c9tats de Femmes proposait un rendez-vous r\u00e9gulier hebdomadaire, un espace et des moments conviviaux par et pour les femmes du quartier.<\/p>\n\n\n\n\n\n\n<p>Depuis 2019, le projet \u00c9tats de Femmes s\u2019est diversifi\u00e9 et a irrigu\u00e9 le reste des activit\u00e9s du Pas Si Loin, proposant un plus large spectre de moments, d\u2019activit\u00e9s et d\u2019espaces pour la diversit\u00e9 du public des 4 Chemins; car encore aujourd\u2019hui le constat de sur-occupation masculine demeure.<\/p>\n\n\n\n<p><br>Ainsi pour palier \u00e0 ce manque d\u2019espace-temps pour les femmes du quartier le Pas Si Loin a propos\u00e9 et propose depuis :&nbsp;&nbsp;<\/p>\n\n\n\n<ul class=\"wp-block-list\">\n<li>des expositions<\/li>\n\n\n\n<li>des temps fort valorisant les artistes femmes<\/li>\n\n\n\n<li>des sorties culturelles hors les murs (chez nos <a href=\"https:\/\/passiloin.org\/index.php\/le-projet-les-partenaires\/\">partenaires<\/a>)<\/li>\n\n\n\n<li>deux ateliers couture<\/li>\n\n\n\n<li>un cin\u00e9-club engag\u00e9<\/li>\n\n\n\n<li>un club lecture<\/li>\n\n\n\n<li>des ateliers th\u00e9matiques<\/li>\n\n\n\n<li>des moments de travail et garde partag\u00e9<\/li>\n<\/ul>\n\n\n\n<p>De mani\u00e8re g\u00e9n\u00e9rale, c\u2019est une volont\u00e9 forte de l\u2019association de d\u00e9dier des espaces et des moments pour le public femme du quartier, ainsi les activit\u00e9s sont ouvertes \u00e0 toutes et tous mais avec une certaine sensibilit\u00e9 pour ce public.<br>C\u2019est ainsi que l\u2019association Pas Si Loin enregistre depuis 3 ans au moins 70% de participation f\u00e9minine dans ces espaces (et c\u2019est bien plus sur certaines activit\u00e9s).<\/p>\n\n\n\n","protected":false},"excerpt":{"rendered":"<p>\u00c9tats de Femmes Le projet Etats de Femmes, pilier des activit\u00e9s de l\u2019association a \u00e9t\u00e9 imagin\u00e9 et fond\u00e9 par des femmes en 2014 (de jeunes mamans du quartier), en r\u00e9action [&hellip;]<\/p>\n","protected":false},"author":2,"featured_media":0,"parent":0,"menu_order":0,"comment_status":"closed","ping_status":"closed","template":"","meta":{"_EventAllDay":false,"_EventTimezone":"","_EventStartDate":"","_EventEndDate":"","_EventStartDateUTC":"","_EventEndDateUTC":"","_EventShowMap":false,"_EventShowMapLink":false,"_EventURL":"","_EventCost":"","_EventCostDescription":"","_EventCurrencySymbol":"","_EventCurrencyCode":"","_EventCurrencyPosition":"","_EventDateTimeSeparator":"","_EventTimeRangeSeparator":"","_EventOrganizerID":[],"_EventVenueID":[],"_OrganizerEmail":"","_OrganizerPhone":"","_OrganizerWebsite":"","_VenueAddress":"","_VenueCity":"","_VenueCountry":"","_VenueProvince":"","_VenueState":"","_VenueZip":"","_VenuePhone":"","_VenueURL":"","_VenueStateProvince":"","_VenueLat":"","_VenueLng":"","_VenueShowMap":false,"_VenueShowMapLink":false,"footnotes":""},"class_list":["post-26","page","type-page","status-publish","hentry"],"yoast_head":"<!-- This site is optimized with the Yoast SEO plugin v22.0 - https:\/\/yoast.com\/wordpress\/plugins\/seo\/ -->\n<title>Projet \u00c9tats de Femmes - PAS-SI-LOIN<\/title>\n<meta name=\"robots\" content=\"index, follow, max-snippet:-1, max-image-preview:large, max-video-preview:-1\" \/>\n<link rel=\"canonical\" href=\"https:\/\/passiloin.org\/index.php\/le-projet-projet-etats-de-femmes\/\" \/>\n<meta property=\"og:locale\" content=\"fr_FR\" \/>\n<meta property=\"og:type\" content=\"article\" \/>\n<meta property=\"og:title\" content=\"Projet \u00c9tats de Femmes - PAS-SI-LOIN\" \/>\n<meta property=\"og:description\" content=\"\u00c9tats de Femmes Le projet Etats de Femmes, pilier des activit\u00e9s de l\u2019association a \u00e9t\u00e9 imagin\u00e9 et fond\u00e9 par des femmes en 2014 (de jeunes mamans du quartier), en r\u00e9action [&hellip;]\" \/>\n<meta property=\"og:url\" content=\"https:\/\/passiloin.org\/index.php\/le-projet-projet-etats-de-femmes\/\" \/>\n<meta property=\"og:site_name\" content=\"PAS-SI-LOIN\" \/>\n<meta property=\"article:modified_time\" content=\"2024-01-15T16:45:40+00:00\" \/>\n<meta name=\"twitter:card\" content=\"summary_large_image\" \/>\n<meta name=\"twitter:label1\" content=\"Dur\u00e9e de lecture estim\u00e9e\" \/>\n\t<meta name=\"twitter:data1\" content=\"2 minutes\" \/>\n<script type=\"application\/ld+json\" class=\"yoast-schema-graph\">{\"@context\":\"https:\/\/schema.org\",\"@graph\":[{\"@type\":\"WebPage\",\"@id\":\"https:\/\/passiloin.org\/index.php\/le-projet-projet-etats-de-femmes\/\",\"url\":\"https:\/\/passiloin.org\/index.php\/le-projet-projet-etats-de-femmes\/\",\"name\":\"Projet \u00c9tats de Femmes - PAS-SI-LOIN\",\"isPartOf\":{\"@id\":\"https:\/\/passiloin.org\/#website\"},\"datePublished\":\"2023-08-07T11:08:33+00:00\",\"dateModified\":\"2024-01-15T16:45:40+00:00\",\"breadcrumb\":{\"@id\":\"https:\/\/passiloin.org\/index.php\/le-projet-projet-etats-de-femmes\/#breadcrumb\"},\"inLanguage\":\"fr-FR\",\"potentialAction\":[{\"@type\":\"ReadAction\",\"target\":[\"https:\/\/passiloin.org\/index.php\/le-projet-projet-etats-de-femmes\/\"]}]},{\"@type\":\"BreadcrumbList\",\"@id\":\"https:\/\/passiloin.org\/index.php\/le-projet-projet-etats-de-femmes\/#breadcrumb\",\"itemListElement\":[{\"@type\":\"ListItem\",\"position\":1,\"name\":\"Accueil\",\"item\":\"https:\/\/passiloin.org\/\"},{\"@type\":\"ListItem\",\"position\":2,\"name\":\"Projet \u00c9tats de Femmes\"}]},{\"@type\":\"WebSite\",\"@id\":\"https:\/\/passiloin.org\/#website\",\"url\":\"https:\/\/passiloin.org\/\",\"name\":\"PAS-SI-LOIN\",\"description\":\"L&#039;association Pas Si Loin favorise le lien et la mixit\u00e9 sociale par et pour les habitant.e.s du quartier des 4 Chemins \u00e0 Pantin.\",\"publisher\":{\"@id\":\"https:\/\/passiloin.org\/#organization\"},\"potentialAction\":[{\"@type\":\"SearchAction\",\"target\":{\"@type\":\"EntryPoint\",\"urlTemplate\":\"https:\/\/passiloin.org\/?s={search_term_string}\"},\"query-input\":\"required name=search_term_string\"}],\"inLanguage\":\"fr-FR\"},{\"@type\":\"Organization\",\"@id\":\"https:\/\/passiloin.org\/#organization\",\"name\":\"PAS-SI-LOIN\",\"url\":\"https:\/\/passiloin.org\/\",\"logo\":{\"@type\":\"ImageObject\",\"inLanguage\":\"fr-FR\",\"@id\":\"https:\/\/passiloin.org\/#\/schema\/logo\/image\/\",\"url\":\"https:\/\/passiloin.org\/wp-content\/uploads\/2023\/08\/pas_si_loin_logo_principal_banniere.jpg\",\"contentUrl\":\"https:\/\/passiloin.org\/wp-content\/uploads\/2023\/08\/pas_si_loin_logo_principal_banniere.jpg\",\"width\":1055,\"height\":388,\"caption\":\"PAS-SI-LOIN\"},\"image\":{\"@id\":\"https:\/\/passiloin.org\/#\/schema\/logo\/image\/\"}}]}<\/script>\n<!-- \/ Yoast SEO plugin. -->","yoast_head_json":{"title":"Projet \u00c9tats de Femmes - PAS-SI-LOIN","robots":{"index":"index","follow":"follow","max-snippet":"max-snippet:-1","max-image-preview":"max-image-preview:large","max-video-preview":"max-video-preview:-1"},"canonical":"https:\/\/passiloin.org\/index.php\/le-projet-projet-etats-de-femmes\/","og_locale":"fr_FR","og_type":"article","og_title":"Projet \u00c9tats de Femmes - PAS-SI-LOIN","og_description":"\u00c9tats de Femmes Le projet Etats de Femmes, pilier des activit\u00e9s de l\u2019association a \u00e9t\u00e9 imagin\u00e9 et fond\u00e9 par des femmes en 2014 (de jeunes mamans du quartier), en r\u00e9action [&hellip;]","og_url":"https:\/\/passiloin.org\/index.php\/le-projet-projet-etats-de-femmes\/","og_site_name":"PAS-SI-LOIN","article_modified_time":"2024-01-15T16:45:40+00:00","twitter_card":"summary_large_image","twitter_misc":{"Dur\u00e9e de lecture estim\u00e9e":"2 minutes"},"schema":{"@context":"https:\/\/schema.org","@graph":[{"@type":"WebPage","@id":"https:\/\/passiloin.org\/index.php\/le-projet-projet-etats-de-femmes\/","url":"https:\/\/passiloin.org\/index.php\/le-projet-projet-etats-de-femmes\/","name":"Projet \u00c9tats de Femmes - PAS-SI-LOIN","isPartOf":{"@id":"https:\/\/passiloin.org\/#website"},"datePublished":"2023-08-07T11:08:33+00:00","dateModified":"2024-01-15T16:45:40+00:00","breadcrumb":{"@id":"https:\/\/passiloin.org\/index.php\/le-projet-projet-etats-de-femmes\/#breadcrumb"},"inLanguage":"fr-FR","potentialAction":[{"@type":"ReadAction","target":["https:\/\/passiloin.org\/index.php\/le-projet-projet-etats-de-femmes\/"]}]},{"@type":"BreadcrumbList","@id":"https:\/\/passiloin.org\/index.php\/le-projet-projet-etats-de-femmes\/#breadcrumb","itemListElement":[{"@type":"ListItem","position":1,"name":"Accueil","item":"https:\/\/passiloin.org\/"},{"@type":"ListItem","position":2,"name":"Projet \u00c9tats de Femmes"}]},{"@type":"WebSite","@id":"https:\/\/passiloin.org\/#website","url":"https:\/\/passiloin.org\/","name":"PAS-SI-LOIN","description":"L&#039;association Pas Si Loin favorise le lien et la mixit\u00e9 sociale par et pour les habitant.e.s du quartier des 4 Chemins \u00e0 Pantin.","publisher":{"@id":"https:\/\/passiloin.org\/#organization"},"potentialAction":[{"@type":"SearchAction","target":{"@type":"EntryPoint","urlTemplate":"https:\/\/passiloin.org\/?s={search_term_string}"},"query-input":"required name=search_term_string"}],"inLanguage":"fr-FR"},{"@type":"Organization","@id":"https:\/\/passiloin.org\/#organization","name":"PAS-SI-LOIN","url":"https:\/\/passiloin.org\/","logo":{"@type":"ImageObject","inLanguage":"fr-FR","@id":"https:\/\/passiloin.org\/#\/schema\/logo\/image\/","url":"https:\/\/passiloin.org\/wp-content\/uploads\/2023\/08\/pas_si_loin_logo_principal_banniere.jpg","contentUrl":"https:\/\/passiloin.org\/wp-content\/uploads\/2023\/08\/pas_si_loin_logo_principal_banniere.jpg","width":1055,"height":388,"caption":"PAS-SI-LOIN"},"image":{"@id":"https:\/\/passiloin.org\/#\/schema\/logo\/image\/"}}]}},"_links":{"self":[{"href":"https:\/\/passiloin.org\/index.php\/wp-json\/wp\/v2\/pages\/26","targetHints":{"allow":["GET"]}}],"collection":[{"href":"https:\/\/passiloin.org\/index.php\/wp-json\/wp\/v2\/pages"}],"about":[{"href":"https:\/\/passiloin.org\/index.php\/wp-json\/wp\/v2\/types\/page"}],"author":[{"embeddable":true,"href":"https:\/\/passiloin.org\/index.php\/wp-json\/wp\/v2\/users\/2"}],"replies":[{"embeddable":true,"href":"https:\/\/passiloin.org\/index.php\/wp-json\/wp\/v2\/comments?post=26"}],"version-history":[{"count":18,"href":"https:\/\/passiloin.org\/index.php\/wp-json\/wp\/v2\/pages\/26\/revisions"}],"predecessor-version":[{"id":738,"href":"https:\/\/passiloin.org\/index.php\/wp-json\/wp\/v2\/pages\/26\/revisions\/738"}],"wp:attachment":[{"href":"https:\/\/passiloin.org\/index.php\/wp-json\/wp\/v2\/media?parent=26"}],"curies":[{"name":"wp","href":"https:\/\/api.w.org\/{rel}","templated":true}]}}