{"id":119,"date":"2023-08-07T16:33:12","date_gmt":"2023-08-07T14:33:12","guid":{"rendered":"https:\/\/passiloin.org\/?page_id=119"},"modified":"2023-12-12T18:18:54","modified_gmt":"2023-12-12T17:18:54","slug":"proposer-un-projet","status":"publish","type":"page","link":"https:\/\/passiloin.org\/index.php\/proposer-un-projet\/","title":{"rendered":"Proposer Un Projet"},"content":{"rendered":"\n<h2 class=\"wp-block-heading\">Organiser des \u00e9v\u00e9nements \/ ateliers avec l&rsquo;association Pas Si Loin<\/h2>\n\n\n\n<p>A l\u2019Atelier, comme \u00e0 La Cantine, le Pas-si-Loin accueille les initiatives et \u00e9v\u00e9nements des habitant.es du quartier des Quatre Chemins. Toutes structures, associations, collectifs citoyens est invit\u00e9e \u00e0 proposer des formats pouvant se tenir au sein de nos locaux.<\/p>\n\n\n\n<p>La Commission Programmation (ouverte \u00e0 tous.tes, tous les 3\u00e8mes mercredis du mois de 18h30 \u00e0 20h30) d\u00e9finit la programmation sur les mois \u00e0 venir et \u00e9tudie notamment les propositions re\u00e7ues pour les diff\u00e9rents espaces.<\/p>\n\n\n\n<p>Dans le cas o\u00f9 le projet est retenu, un accompagnement pour la production et pour la communication dudit \u00e9v\u00e9nement\/atelier est assur\u00e9 par un.e salari\u00e9.e du Pas-si-Loin.<\/p>\n\n\n\n<p>Pour tout renseignement ou soumission de projet, merci de bien vouloir remplir la fiche projet <a href=\"https:\/\/1drv.ms\/w\/s!AnNQ7yRf9HYTgpJo04bK6YQnADQWow?e=7hoOru\" target=\"_blank\" rel=\"noreferrer noopener nofollow\"><strong>\u00e0 t\u00e9l\u00e9charger ici<\/strong><\/a>, et de l\u2019envoyer compl\u00e9t\u00e9e \u00e0 Marion Letranchant, charg\u00e9e de production et de programmation, \u00e0 l&rsquo;aide du formulaire suivant :<\/p>\n\n\n\n<p><\/p>\n\n\n\n<div class=\"wpcf7 no-js\" id=\"wpcf7-f221-o1\" lang=\"fr-FR\" dir=\"ltr\">\n<div class=\"screen-reader-response\"><p role=\"status\" aria-live=\"polite\" aria-atomic=\"true\"><\/p> <ul><\/ul><\/div>\n<form action=\"\/index.php\/wp-json\/wp\/v2\/pages\/119#wpcf7-f221-o1\" method=\"post\" class=\"wpcf7-form init\" aria-label=\"Formulaire de contact\" enctype=\"multipart\/form-data\" novalidate=\"novalidate\" data-status=\"init\">\n<div style=\"display: none;\">\n<input type=\"hidden\" name=\"_wpcf7\" value=\"221\" \/>\n<input type=\"hidden\" name=\"_wpcf7_version\" value=\"5.8.7\" \/>\n<input type=\"hidden\" name=\"_wpcf7_locale\" value=\"fr_FR\" \/>\n<input type=\"hidden\" name=\"_wpcf7_unit_tag\" value=\"wpcf7-f221-o1\" \/>\n<input type=\"hidden\" name=\"_wpcf7_container_post\" value=\"0\" \/>\n<input type=\"hidden\" name=\"_wpcf7_posted_data_hash\" value=\"\" \/>\n<\/div>\n<p><label> Votre nom<br \/>\n<span class=\"wpcf7-form-control-wrap\" data-name=\"your-name\"><input size=\"40\" class=\"wpcf7-form-control wpcf7-text wpcf7-validates-as-required\" autocomplete=\"name\" aria-required=\"true\" aria-invalid=\"false\" value=\"\" type=\"text\" name=\"your-name\" \/><\/span> <\/label>\n<\/p>\n<p><label> Votre e-mail<br \/>\n<span class=\"wpcf7-form-control-wrap\" data-name=\"your-email\"><input size=\"40\" class=\"wpcf7-form-control wpcf7-email wpcf7-validates-as-required wpcf7-text wpcf7-validates-as-email\" autocomplete=\"email\" aria-required=\"true\" aria-invalid=\"false\" value=\"\" type=\"email\" name=\"your-email\" \/><\/span> <\/label>\n<\/p>\n<p><label> Votre message (facultatif)<br \/>\n<span class=\"wpcf7-form-control-wrap\" data-name=\"your-message\"><textarea cols=\"40\" rows=\"10\" class=\"wpcf7-form-control wpcf7-textarea\" aria-invalid=\"false\" name=\"your-message\"><\/textarea><\/span> <\/label>\n<\/p>\n<p><label> Joindre la fiche projet compl\u00e9t\u00e9e <span class=\"wpcf7-form-control-wrap\" data-name=\"fiche-projet1\"><input size=\"40\" class=\"wpcf7-form-control wpcf7-file wpcf7-validates-as-required\" accept=\".pdf,.jpg,.doc\" aria-required=\"true\" aria-invalid=\"false\" type=\"file\" name=\"fiche-projet1\" \/><\/span> <\/label>\n<\/p>\n<p><label> Joindre un autre document (facultatif) <span class=\"wpcf7-form-control-wrap\" data-name=\"autre-projet2\"><input size=\"40\" class=\"wpcf7-form-control wpcf7-file\" accept=\".pdf,.jpg,.doc\" aria-invalid=\"false\" type=\"file\" name=\"autre-projet2\" \/><\/span> <\/label>\n<\/p>\n<p><input class=\"wpcf7-form-control wpcf7-submit has-spinner\" type=\"submit\" value=\"Envoyer\" \/>\n<\/p><div class=\"wpcf7-response-output\" aria-hidden=\"true\"><\/div>\n<\/form>\n<\/div>\n\n\n\n\n<figure class=\"wp-block-image size-large\"><img loading=\"lazy\" decoding=\"async\" width=\"1024\" height=\"683\" src=\"http:\/\/passiloin.org\/wp-content\/uploads\/2023\/08\/PAS-SI-LOIN-SOIREE-JUIN-JUILLET-JEREMYPIOT-DSCF8365-1024x683.jpg\" alt=\"\" class=\"wp-image-152\" srcset=\"https:\/\/passiloin.org\/wp-content\/uploads\/2023\/08\/PAS-SI-LOIN-SOIREE-JUIN-JUILLET-JEREMYPIOT-DSCF8365-1024x683.jpg 1024w, https:\/\/passiloin.org\/wp-content\/uploads\/2023\/08\/PAS-SI-LOIN-SOIREE-JUIN-JUILLET-JEREMYPIOT-DSCF8365-300x200.jpg 300w, https:\/\/passiloin.org\/wp-content\/uploads\/2023\/08\/PAS-SI-LOIN-SOIREE-JUIN-JUILLET-JEREMYPIOT-DSCF8365-768x512.jpg 768w, https:\/\/passiloin.org\/wp-content\/uploads\/2023\/08\/PAS-SI-LOIN-SOIREE-JUIN-JUILLET-JEREMYPIOT-DSCF8365-1536x1024.jpg 1536w, https:\/\/passiloin.org\/wp-content\/uploads\/2023\/08\/PAS-SI-LOIN-SOIREE-JUIN-JUILLET-JEREMYPIOT-DSCF8365-2048x1365.jpg 2048w\" sizes=\"auto, (max-width: 1024px) 100vw, 1024px\" \/><\/figure>\n","protected":false},"excerpt":{"rendered":"<p>Organiser des \u00e9v\u00e9nements \/ ateliers avec l&rsquo;association Pas Si Loin A l\u2019Atelier, comme \u00e0 La Cantine, le Pas-si-Loin accueille les initiatives et \u00e9v\u00e9nements des habitant.es du quartier des Quatre Chemins. [&hellip;]<\/p>\n","protected":false},"author":2,"featured_media":0,"parent":0,"menu_order":0,"comment_status":"closed","ping_status":"closed","template":"","meta":{"_EventAllDay":false,"_EventTimezone":"","_EventStartDate":"","_EventEndDate":"","_EventStartDateUTC":"","_EventEndDateUTC":"","_EventShowMap":false,"_EventShowMapLink":false,"_EventURL":"","_EventCost":"","_EventCostDescription":"","_EventCurrencySymbol":"","_EventCurrencyCode":"","_EventCurrencyPosition":"","_EventDateTimeSeparator":"","_EventTimeRangeSeparator":"","_EventOrganizerID":[],"_EventVenueID":[],"_OrganizerEmail":"","_OrganizerPhone":"","_OrganizerWebsite":"","_VenueAddress":"","_VenueCity":"","_VenueCountry":"","_VenueProvince":"","_VenueState":"","_VenueZip":"","_VenuePhone":"","_VenueURL":"","_VenueStateProvince":"","_VenueLat":"","_VenueLng":"","_VenueShowMap":false,"_VenueShowMapLink":false,"footnotes":""},"class_list":["post-119","page","type-page","status-publish","hentry"],"yoast_head":"<!-- This site is optimized with the Yoast SEO plugin v22.0 - https:\/\/yoast.com\/wordpress\/plugins\/seo\/ -->\n<title>Proposer Un Projet - PAS-SI-LOIN<\/title>\n<meta name=\"robots\" content=\"index, follow, max-snippet:-1, max-image-preview:large, max-video-preview:-1\" \/>\n<link rel=\"canonical\" href=\"https:\/\/passiloin.org\/index.php\/proposer-un-projet\/\" \/>\n<meta property=\"og:locale\" content=\"fr_FR\" \/>\n<meta property=\"og:type\" content=\"article\" \/>\n<meta property=\"og:title\" content=\"Proposer Un Projet - PAS-SI-LOIN\" \/>\n<meta property=\"og:description\" content=\"Organiser des \u00e9v\u00e9nements \/ ateliers avec l&rsquo;association Pas Si Loin A l\u2019Atelier, comme \u00e0 La Cantine, le Pas-si-Loin accueille les initiatives et \u00e9v\u00e9nements des habitant.es du quartier des Quatre Chemins. [&hellip;]\" \/>\n<meta property=\"og:url\" content=\"https:\/\/passiloin.org\/index.php\/proposer-un-projet\/\" \/>\n<meta property=\"og:site_name\" content=\"PAS-SI-LOIN\" \/>\n<meta property=\"article:modified_time\" content=\"2023-12-12T17:18:54+00:00\" \/>\n<meta property=\"og:image\" content=\"http:\/\/passiloin.org\/wp-content\/uploads\/2023\/08\/PAS-SI-LOIN-SOIREE-JUIN-JUILLET-JEREMYPIOT-DSCF8365-1024x683.jpg\" \/>\n<meta name=\"twitter:card\" content=\"summary_large_image\" \/>\n<meta name=\"twitter:label1\" content=\"Dur\u00e9e de lecture estim\u00e9e\" \/>\n\t<meta name=\"twitter:data1\" content=\"1 minute\" \/>\n<script type=\"application\/ld+json\" class=\"yoast-schema-graph\">{\"@context\":\"https:\/\/schema.org\",\"@graph\":[{\"@type\":\"WebPage\",\"@id\":\"https:\/\/passiloin.org\/index.php\/proposer-un-projet\/\",\"url\":\"https:\/\/passiloin.org\/index.php\/proposer-un-projet\/\",\"name\":\"Proposer Un Projet - PAS-SI-LOIN\",\"isPartOf\":{\"@id\":\"https:\/\/passiloin.org\/#website\"},\"datePublished\":\"2023-08-07T14:33:12+00:00\",\"dateModified\":\"2023-12-12T17:18:54+00:00\",\"breadcrumb\":{\"@id\":\"https:\/\/passiloin.org\/index.php\/proposer-un-projet\/#breadcrumb\"},\"inLanguage\":\"fr-FR\",\"potentialAction\":[{\"@type\":\"ReadAction\",\"target\":[\"https:\/\/passiloin.org\/index.php\/proposer-un-projet\/\"]}]},{\"@type\":\"BreadcrumbList\",\"@id\":\"https:\/\/passiloin.org\/index.php\/proposer-un-projet\/#breadcrumb\",\"itemListElement\":[{\"@type\":\"ListItem\",\"position\":1,\"name\":\"Accueil\",\"item\":\"https:\/\/passiloin.org\/\"},{\"@type\":\"ListItem\",\"position\":2,\"name\":\"Proposer Un Projet\"}]},{\"@type\":\"WebSite\",\"@id\":\"https:\/\/passiloin.org\/#website\",\"url\":\"https:\/\/passiloin.org\/\",\"name\":\"PAS-SI-LOIN\",\"description\":\"L&#039;association Pas Si Loin favorise le lien et la mixit\u00e9 sociale par et pour les habitant.e.s du quartier des 4 Chemins \u00e0 Pantin.\",\"publisher\":{\"@id\":\"https:\/\/passiloin.org\/#organization\"},\"potentialAction\":[{\"@type\":\"SearchAction\",\"target\":{\"@type\":\"EntryPoint\",\"urlTemplate\":\"https:\/\/passiloin.org\/?s={search_term_string}\"},\"query-input\":\"required name=search_term_string\"}],\"inLanguage\":\"fr-FR\"},{\"@type\":\"Organization\",\"@id\":\"https:\/\/passiloin.org\/#organization\",\"name\":\"PAS-SI-LOIN\",\"url\":\"https:\/\/passiloin.org\/\",\"logo\":{\"@type\":\"ImageObject\",\"inLanguage\":\"fr-FR\",\"@id\":\"https:\/\/passiloin.org\/#\/schema\/logo\/image\/\",\"url\":\"https:\/\/passiloin.org\/wp-content\/uploads\/2023\/08\/pas_si_loin_logo_principal_banniere.jpg\",\"contentUrl\":\"https:\/\/passiloin.org\/wp-content\/uploads\/2023\/08\/pas_si_loin_logo_principal_banniere.jpg\",\"width\":1055,\"height\":388,\"caption\":\"PAS-SI-LOIN\"},\"image\":{\"@id\":\"https:\/\/passiloin.org\/#\/schema\/logo\/image\/\"}}]}<\/script>\n<!-- \/ Yoast SEO plugin. -->","yoast_head_json":{"title":"Proposer Un Projet - PAS-SI-LOIN","robots":{"index":"index","follow":"follow","max-snippet":"max-snippet:-1","max-image-preview":"max-image-preview:large","max-video-preview":"max-video-preview:-1"},"canonical":"https:\/\/passiloin.org\/index.php\/proposer-un-projet\/","og_locale":"fr_FR","og_type":"article","og_title":"Proposer Un Projet - PAS-SI-LOIN","og_description":"Organiser des \u00e9v\u00e9nements \/ ateliers avec l&rsquo;association Pas Si Loin A l\u2019Atelier, comme \u00e0 La Cantine, le Pas-si-Loin accueille les initiatives et \u00e9v\u00e9nements des habitant.es du quartier des Quatre Chemins. [&hellip;]","og_url":"https:\/\/passiloin.org\/index.php\/proposer-un-projet\/","og_site_name":"PAS-SI-LOIN","article_modified_time":"2023-12-12T17:18:54+00:00","og_image":[{"url":"http:\/\/passiloin.org\/wp-content\/uploads\/2023\/08\/PAS-SI-LOIN-SOIREE-JUIN-JUILLET-JEREMYPIOT-DSCF8365-1024x683.jpg"}],"twitter_card":"summary_large_image","twitter_misc":{"Dur\u00e9e de lecture estim\u00e9e":"1 minute"},"schema":{"@context":"https:\/\/schema.org","@graph":[{"@type":"WebPage","@id":"https:\/\/passiloin.org\/index.php\/proposer-un-projet\/","url":"https:\/\/passiloin.org\/index.php\/proposer-un-projet\/","name":"Proposer Un Projet - PAS-SI-LOIN","isPartOf":{"@id":"https:\/\/passiloin.org\/#website"},"datePublished":"2023-08-07T14:33:12+00:00","dateModified":"2023-12-12T17:18:54+00:00","breadcrumb":{"@id":"https:\/\/passiloin.org\/index.php\/proposer-un-projet\/#breadcrumb"},"inLanguage":"fr-FR","potentialAction":[{"@type":"ReadAction","target":["https:\/\/passiloin.org\/index.php\/proposer-un-projet\/"]}]},{"@type":"BreadcrumbList","@id":"https:\/\/passiloin.org\/index.php\/proposer-un-projet\/#breadcrumb","itemListElement":[{"@type":"ListItem","position":1,"name":"Accueil","item":"https:\/\/passiloin.org\/"},{"@type":"ListItem","position":2,"name":"Proposer Un Projet"}]},{"@type":"WebSite","@id":"https:\/\/passiloin.org\/#website","url":"https:\/\/passiloin.org\/","name":"PAS-SI-LOIN","description":"L&#039;association Pas Si Loin favorise le lien et la mixit\u00e9 sociale par et pour les habitant.e.s du quartier des 4 Chemins \u00e0 Pantin.","publisher":{"@id":"https:\/\/passiloin.org\/#organization"},"potentialAction":[{"@type":"SearchAction","target":{"@type":"EntryPoint","urlTemplate":"https:\/\/passiloin.org\/?s={search_term_string}"},"query-input":"required name=search_term_string"}],"inLanguage":"fr-FR"},{"@type":"Organization","@id":"https:\/\/passiloin.org\/#organization","name":"PAS-SI-LOIN","url":"https:\/\/passiloin.org\/","logo":{"@type":"ImageObject","inLanguage":"fr-FR","@id":"https:\/\/passiloin.org\/#\/schema\/logo\/image\/","url":"https:\/\/passiloin.org\/wp-content\/uploads\/2023\/08\/pas_si_loin_logo_principal_banniere.jpg","contentUrl":"https:\/\/passiloin.org\/wp-content\/uploads\/2023\/08\/pas_si_loin_logo_principal_banniere.jpg","width":1055,"height":388,"caption":"PAS-SI-LOIN"},"image":{"@id":"https:\/\/passiloin.org\/#\/schema\/logo\/image\/"}}]}},"_links":{"self":[{"href":"https:\/\/passiloin.org\/index.php\/wp-json\/wp\/v2\/pages\/119","targetHints":{"allow":["GET"]}}],"collection":[{"href":"https:\/\/passiloin.org\/index.php\/wp-json\/wp\/v2\/pages"}],"about":[{"href":"https:\/\/passiloin.org\/index.php\/wp-json\/wp\/v2\/types\/page"}],"author":[{"embeddable":true,"href":"https:\/\/passiloin.org\/index.php\/wp-json\/wp\/v2\/users\/2"}],"replies":[{"embeddable":true,"href":"https:\/\/passiloin.org\/index.php\/wp-json\/wp\/v2\/comments?post=119"}],"version-history":[{"count":4,"href":"https:\/\/passiloin.org\/index.php\/wp-json\/wp\/v2\/pages\/119\/revisions"}],"predecessor-version":[{"id":708,"href":"https:\/\/passiloin.org\/index.php\/wp-json\/wp\/v2\/pages\/119\/revisions\/708"}],"wp:attachment":[{"href":"https:\/\/passiloin.org\/index.php\/wp-json\/wp\/v2\/media?parent=119"}],"curies":[{"name":"wp","href":"https:\/\/api.w.org\/{rel}","templated":true}]}}